{"id":1210,"date":"2023-12-14T15:42:35","date_gmt":"2023-12-14T15:42:35","guid":{"rendered":"https:\/\/buildint.devsaidul.com\/\/?page_id=1210"},"modified":"2026-04-10T14:11:04","modified_gmt":"2026-04-10T12:11:04","slug":"nase-projekty","status":"publish","type":"page","link":"https:\/\/quartex.qmanapp.com\/quartex\/nase-projekty\/","title":{"rendered":"Na\u0161e projekty"},"content":{"rendered":"\t\t<div data-elementor-type=\"wp-page\" data-elementor-id=\"1210\" class=\"elementor elementor-1210\">\n\t\t\t\t\t\t<section class=\"elementor-section elementor-top-section elementor-element elementor-element-28b7696 project elementor-section-boxed elementor-section-height-default elementor-section-height-default\" data-id=\"28b7696\" data-element_type=\"section\" data-e-type=\"section\">\n\t\t\t\t\t\t<div class=\"elementor-container elementor-column-gap-default\">\n\t\t\t\t\t<div class=\"elementor-column elementor-col-100 elementor-top-column elementor-element elementor-element-7fc9fc0\" data-id=\"7fc9fc0\" data-element_type=\"column\" data-e-type=\"column\">\n\t\t\t<div class=\"elementor-widget-wrap elementor-element-populated\">\n\t\t\t\t\t\t<div class=\"elementor-element elementor-element-3adacad elementor-widget elementor-widget-sectiontitle\" data-id=\"3adacad\" data-element_type=\"widget\" data-e-type=\"widget\" data-widget_type=\"sectiontitle.default\">\n\t\t\t\t<div class=\"elementor-widget-container\">\n\t\t\t\t\t\r\n\t\t\r\n\t\t\t<div class=\"section-title style-four t_center\">\r\n                 \r\n                        <h5>PROJEKTY<\/h5>\r\n                \t\t\t\t\r\n\t\t\t\t  \r\n                       <h1>Prohl\u00e9dn\u011bte si <br>dokon\u010den\u00e9 projekty<\/h1>\r\n                \t\t\t\t\r\n\t\t\t\t \t\t\t\t<div class=\"em-bar-main\">\r\n\t\t\t\t\t<div class=\"em-bar em-bar-big\"><\/div>\r\n\t\t\t\t<\/div>\r\n                \t\t\t\r\n\t\t\t\t\r\n\t\t\t<\/div>\t\r\n\r\n\t\t\r\n\t\t\t\t\t\t<\/div>\n\t\t\t\t<\/div>\n\t\t\t\t<section class=\"elementor-section elementor-inner-section elementor-element elementor-element-cf37871 elementor-section-boxed elementor-section-height-default elementor-section-height-default\" data-id=\"cf37871\" data-element_type=\"section\" data-e-type=\"section\">\n\t\t\t\t\t\t<div class=\"elementor-container elementor-column-gap-default\">\n\t\t\t\t\t<div class=\"elementor-column elementor-col-50 elementor-inner-column elementor-element elementor-element-e2d8622\" data-id=\"e2d8622\" data-element_type=\"column\" data-e-type=\"column\">\n\t\t\t<div class=\"elementor-widget-wrap elementor-element-populated\">\n\t\t\t\t\t\t<div class=\"elementor-element elementor-element-6826448 elementor-widget elementor-widget-feature\" data-id=\"6826448\" data-element_type=\"widget\" data-e-type=\"widget\" data-widget_type=\"feature.default\">\n\t\t\t\t<div class=\"elementor-widget-container\">\n\t\t\t\t\t\r\n\t\t\r\n\t\t\t<div class=\"feature-box style-four\">\r\n\t\t\t\t\r\n\t\t\t\t<div class=\"feature-box-thumb\">\r\n\t\t\t\t\t<img decoding=\"async\" src=\"https:\/\/quartex.qmanapp.com\/quartex\/wp-content\/uploads\/2026\/01\/ERP1.webp\" alt=\"\">\r\n\t\t\t\t<\/div>\r\n\t\t\t\t\r\n\t\t\t\t<div class=\"feature-box-content\">\r\n\t\t\t\t    <div class=\"feature-box-text\">\r\n\t\t\t\t        <div class=\"feature-box-title\">\r\n\t\t\t\t\t\t<h2>Business Central<\/h2>\r\n\t\t\t\t\t<\/div>\r\n\t\t\t\t\t<div class=\"feature-box-desc\">\r\n\t\t\t\t\t\t<p>Modernizace ERP proces\u016f<\/p>\r\n\t\t\t\t\t<\/div>\r\n\t\t\t\t    <\/div>\r\n\t\t\t\t\t<div class=\"feature-box-icon\">\r\n\t\t\t\t\t\t<span><i class=\" \"><\/i><\/span>\r\n\t\t\t\t\t<\/div>\r\n\t\t\t\t\t\t\t\t\t\t<div class=\"feature-btn\">\r\n\t\t\t\t\t\t<a href=\"https:\/\/quartex.qmanapp.com\/quartex\/projekty-kategorie\/business-central\/\">\r\n\t\t\t\t\t\t\t\t\t\t\t\t<i aria-hidden=\"true\" class=\"flaticon flaticon-right-arrow\"><\/i>\t\t\t\t\t\t<\/a>\r\n\t\t\t\t\t<\/div>\r\n\r\n\t\t\t\t\t\r\n\t\t\t\t<\/div>\r\n\t\t\t<\/div>\r\n\r\n\t\t\r\n\t\t\t\t\t<\/div>\n\t\t\t\t<\/div>\n\t\t\t\t<div class=\"elementor-element elementor-element-1770393 elementor-widget elementor-widget-feature\" data-id=\"1770393\" data-element_type=\"widget\" data-e-type=\"widget\" data-widget_type=\"feature.default\">\n\t\t\t\t<div class=\"elementor-widget-container\">\n\t\t\t\t\t\r\n\t\t\r\n\t\t\t<div class=\"feature-box style-four\">\r\n\t\t\t\t\r\n\t\t\t\t<div class=\"feature-box-thumb\">\r\n\t\t\t\t\t<img decoding=\"async\" src=\"https:\/\/quartex.qmanapp.com\/quartex\/wp-content\/uploads\/2026\/01\/Poradenstvi2.webp\" alt=\"\">\r\n\t\t\t\t<\/div>\r\n\t\t\t\t\r\n\t\t\t\t<div class=\"feature-box-content\">\r\n\t\t\t\t    <div class=\"feature-box-text\">\r\n\t\t\t\t        <div class=\"feature-box-title\">\r\n\t\t\t\t\t\t<h2>Poradenstv\u00ed <\/h2>\r\n\t\t\t\t\t<\/div>\r\n\t\t\t\t\t<div class=\"feature-box-desc\">\r\n\t\t\t\t\t\t<p>Stabilizace a \u0159\u00edzen\u00ed projekt\u016f<\/p>\r\n\t\t\t\t\t<\/div>\r\n\t\t\t\t    <\/div>\r\n\t\t\t\t\t<div class=\"feature-box-icon\">\r\n\t\t\t\t\t\t<span><i class=\" \"><\/i><\/span>\r\n\t\t\t\t\t<\/div>\r\n\t\t\t\t\t\t\t\t\t\t<div class=\"feature-btn\">\r\n\t\t\t\t\t\t<a href=\"https:\/\/quartex.qmanapp.com\/quartex\/projekty-kategorie\/poradenstvi\/\">\r\n\t\t\t\t\t\t\t\t\t\t\t\t<i aria-hidden=\"true\" class=\"flaticon flaticon-right-arrow\"><\/i>\t\t\t\t\t\t<\/a>\r\n\t\t\t\t\t<\/div>\r\n\r\n\t\t\t\t\t\r\n\t\t\t\t<\/div>\r\n\t\t\t<\/div>\r\n\r\n\t\t\r\n\t\t\t\t\t<\/div>\n\t\t\t\t<\/div>\n\t\t\t\t\t<\/div>\n\t\t<\/div>\n\t\t\t\t<div class=\"elementor-column elementor-col-50 elementor-inner-column elementor-element elementor-element-ef14af2\" data-id=\"ef14af2\" data-element_type=\"column\" data-e-type=\"column\">\n\t\t\t<div class=\"elementor-widget-wrap elementor-element-populated\">\n\t\t\t\t\t\t<div class=\"elementor-element elementor-element-a4c48cb elementor-widget elementor-widget-feature\" data-id=\"a4c48cb\" data-element_type=\"widget\" data-e-type=\"widget\" data-widget_type=\"feature.default\">\n\t\t\t\t<div class=\"elementor-widget-container\">\n\t\t\t\t\t\r\n\t\t\r\n\t\t\t<div class=\"feature-box style-four\">\r\n\t\t\t\t\r\n\t\t\t\t<div class=\"feature-box-thumb\">\r\n\t\t\t\t\t<img decoding=\"async\" src=\"https:\/\/quartex.qmanapp.com\/quartex\/wp-content\/uploads\/2026\/01\/WMS.webp\" alt=\"\">\r\n\t\t\t\t<\/div>\r\n\t\t\t\t\r\n\t\t\t\t<div class=\"feature-box-content\">\r\n\t\t\t\t    <div class=\"feature-box-text\">\r\n\t\t\t\t        <div class=\"feature-box-title\">\r\n\t\t\t\t\t\t<h2>Q.WMS - \u0158\u00edzen\u00fd sklad<\/h2>\r\n\t\t\t\t\t<\/div>\r\n\t\t\t\t\t<div class=\"feature-box-desc\">\r\n\t\t\t\t\t\t<p>Digitalizace skladov\u00e9 logistiky<\/p>\r\n\t\t\t\t\t<\/div>\r\n\t\t\t\t    <\/div>\r\n\t\t\t\t\t<div class=\"feature-box-icon\">\r\n\t\t\t\t\t\t<span><i class=\" \"><\/i><\/span>\r\n\t\t\t\t\t<\/div>\r\n\t\t\t\t\t\t\t\t\t\t<div class=\"feature-btn\">\r\n\t\t\t\t\t\t<a href=\"https:\/\/quartex.qmanapp.com\/quartex\/projekty-kategorie\/q-wms\/\">\r\n\t\t\t\t\t\t\t\t\t\t\t\t<i aria-hidden=\"true\" class=\"flaticon flaticon-right-arrow\"><\/i>\t\t\t\t\t\t<\/a>\r\n\t\t\t\t\t<\/div>\r\n\r\n\t\t\t\t\t\r\n\t\t\t\t<\/div>\r\n\t\t\t<\/div>\r\n\r\n\t\t\r\n\t\t\t\t\t<\/div>\n\t\t\t\t<\/div>\n\t\t\t\t<div class=\"elementor-element elementor-element-7813ca6 elementor-widget elementor-widget-feature\" data-id=\"7813ca6\" data-element_type=\"widget\" data-e-type=\"widget\" data-widget_type=\"feature.default\">\n\t\t\t\t<div class=\"elementor-widget-container\">\n\t\t\t\t\t\r\n\t\t\r\n\t\t\t<div class=\"feature-box style-four\">\r\n\t\t\t\t\r\n\t\t\t\t<div class=\"feature-box-thumb\">\r\n\t\t\t\t\t<img decoding=\"async\" src=\"https:\/\/quartex.qmanapp.com\/quartex\/wp-content\/uploads\/2026\/01\/Portaly.webp\" alt=\"\">\r\n\t\t\t\t<\/div>\r\n\t\t\t\t\r\n\t\t\t\t<div class=\"feature-box-content\">\r\n\t\t\t\t    <div class=\"feature-box-text\">\r\n\t\t\t\t        <div class=\"feature-box-title\">\r\n\t\t\t\t\t\t<h2>Prodejn\u00ed port\u00e1ly<\/h2>\r\n\t\t\t\t\t<\/div>\r\n\t\t\t\t\t<div class=\"feature-box-desc\">\r\n\t\t\t\t\t\t<p>Automatizace online prodeje<\/p>\r\n\t\t\t\t\t<\/div>\r\n\t\t\t\t    <\/div>\r\n\t\t\t\t\t<div class=\"feature-box-icon\">\r\n\t\t\t\t\t\t<span><i class=\" \"><\/i><\/span>\r\n\t\t\t\t\t<\/div>\r\n\t\t\t\t\t\t\t\t\t\t<div class=\"feature-btn\">\r\n\t\t\t\t\t\t<a href=\"https:\/\/quartex.qmanapp.com\/quartex\/projekty-kategorie\/prodejni-portaly\/\">\r\n\t\t\t\t\t\t\t\t\t\t\t\t<i aria-hidden=\"true\" class=\"flaticon flaticon-right-arrow\"><\/i>\t\t\t\t\t\t<\/a>\r\n\t\t\t\t\t<\/div>\r\n\r\n\t\t\t\t\t\r\n\t\t\t\t<\/div>\r\n\t\t\t<\/div>\r\n\r\n\t\t\r\n\t\t\t\t\t<\/div>\n\t\t\t\t<\/div>\n\t\t\t\t\t<\/div>\n\t\t<\/div>\n\t\t\t\t\t<\/div>\n\t\t<\/section>\n\t\t\t\t\t<\/div>\n\t\t<\/div>\n\t\t\t\t\t<\/div>\n\t\t<\/section>\n\t\t\t\t<section class=\"elementor-section elementor-top-section elementor-element elementor-element-d3fa3fe elementor-section-full_width animated-slow elementor-section-height-default elementor-section-height-default elementor-invisible\" data-id=\"d3fa3fe\" data-element_type=\"section\" data-e-type=\"section\" data-settings=\"{&quot;background_background&quot;:&quot;classic&quot;,&quot;animation&quot;:&quot;lightSpeedIn&quot;}\">\n\t\t\t\t\t\t<div class=\"elementor-container elementor-column-gap-default\">\n\t\t\t\t\t<div class=\"elementor-column elementor-col-100 elementor-top-column elementor-element elementor-element-1a2c627\" data-id=\"1a2c627\" data-element_type=\"column\" data-e-type=\"column\">\n\t\t\t<div class=\"elementor-widget-wrap elementor-element-populated\">\n\t\t\t\t\t\t<div class=\"elementor-element elementor-element-ea67be4 elementor-widget elementor-widget-image-carousel\" data-id=\"ea67be4\" data-element_type=\"widget\" data-e-type=\"widget\" data-settings=\"{&quot;slides_to_show&quot;:&quot;5&quot;,&quot;navigation&quot;:&quot;none&quot;,&quot;slides_to_show_tablet&quot;:&quot;3&quot;,&quot;slides_to_show_mobile&quot;:&quot;1&quot;,&quot;autoplay&quot;:&quot;yes&quot;,&quot;pause_on_hover&quot;:&quot;yes&quot;,&quot;pause_on_interaction&quot;:&quot;yes&quot;,&quot;autoplay_speed&quot;:5000,&quot;infinite&quot;:&quot;yes&quot;,&quot;speed&quot;:500}\" data-widget_type=\"image-carousel.default\">\n\t\t\t\t\t\t\t<div class=\"elementor-image-carousel-wrapper swiper\" role=\"region\" aria-roledescription=\"carousel\" aria-label=\"Obr\u00e1zkov\u00fd koloto\u010d\" dir=\"rtl\">\n\t\t\t<div class=\"elementor-image-carousel swiper-wrapper\" aria-live=\"off\">\n\t\t\t\t\t\t\t\t<div class=\"swiper-slide\" role=\"group\" aria-roledescription=\"slide\" aria-label=\"1 z 15\"><a data-elementor-open-lightbox=\"yes\" data-elementor-lightbox-slideshow=\"ea67be4\" data-elementor-lightbox-title=\"lord\" data-e-action-hash=\"#elementor-action%3Aaction%3Dlightbox%26settings%3DeyJpZCI6NTI5MywidXJsIjoiaHR0cHM6XC9cL3F1YXJ0ZXgucW1hbmFwcC5jb21cL3F1YXJ0ZXhcL3dwLWNvbnRlbnRcL3VwbG9hZHNcLzIwMjVcLzEyXC9sb3JkLndlYnAiLCJzbGlkZXNob3ciOiJlYTY3YmU0In0%3D\" href=\"https:\/\/www.sicf.cz\/\" target=\"_blank\" rel=\"noopener\"><figure class=\"swiper-slide-inner\"><img decoding=\"async\" class=\"swiper-slide-image\" src=\"https:\/\/quartex.qmanapp.com\/quartex\/wp-content\/uploads\/2025\/12\/lord.webp\" alt=\"lord\" \/><\/figure><\/a><\/div><div class=\"swiper-slide\" role=\"group\" aria-roledescription=\"slide\" aria-label=\"2 z 15\"><a data-elementor-open-lightbox=\"yes\" data-elementor-lightbox-slideshow=\"ea67be4\" data-elementor-lightbox-title=\"iag\" data-e-action-hash=\"#elementor-action%3Aaction%3Dlightbox%26settings%3DeyJpZCI6NDYzOCwidXJsIjoiaHR0cHM6XC9cL3F1YXJ0ZXgucW1hbmFwcC5jb21cL3F1YXJ0ZXhcL3dwLWNvbnRlbnRcL3VwbG9hZHNcLzIwMjVcLzEwXC9pYWcud2VicCIsInNsaWRlc2hvdyI6ImVhNjdiZTQifQ%3D%3D\" href=\"https:\/\/www.sicf.cz\/\" target=\"_blank\" rel=\"noopener\"><figure class=\"swiper-slide-inner\"><img decoding=\"async\" class=\"swiper-slide-image\" src=\"https:\/\/quartex.qmanapp.com\/quartex\/wp-content\/uploads\/2025\/10\/iag.webp\" alt=\"iag\" \/><\/figure><\/a><\/div><div class=\"swiper-slide\" role=\"group\" aria-roledescription=\"slide\" aria-label=\"3 z 15\"><a data-elementor-open-lightbox=\"yes\" data-elementor-lightbox-slideshow=\"ea67be4\" data-elementor-lightbox-title=\"shipify\" data-e-action-hash=\"#elementor-action%3Aaction%3Dlightbox%26settings%3DeyJpZCI6NTI5NiwidXJsIjoiaHR0cHM6XC9cL3F1YXJ0ZXgucW1hbmFwcC5jb21cL3F1YXJ0ZXhcL3dwLWNvbnRlbnRcL3VwbG9hZHNcLzIwMjVcLzEyXC9zaGlwaWZ5LndlYnAiLCJzbGlkZXNob3ciOiJlYTY3YmU0In0%3D\" href=\"https:\/\/www.sicf.cz\/\" target=\"_blank\" rel=\"noopener\"><figure class=\"swiper-slide-inner\"><img decoding=\"async\" class=\"swiper-slide-image\" src=\"https:\/\/quartex.qmanapp.com\/quartex\/wp-content\/uploads\/2025\/12\/shipify.webp\" alt=\"shipify\" \/><\/figure><\/a><\/div><div class=\"swiper-slide\" role=\"group\" aria-roledescription=\"slide\" aria-label=\"4 z 15\"><a data-elementor-open-lightbox=\"yes\" data-elementor-lightbox-slideshow=\"ea67be4\" data-elementor-lightbox-title=\"accom\" data-e-action-hash=\"#elementor-action%3Aaction%3Dlightbox%26settings%3DeyJpZCI6NDYzOSwidXJsIjoiaHR0cHM6XC9cL3F1YXJ0ZXgucW1hbmFwcC5jb21cL3F1YXJ0ZXhcL3dwLWNvbnRlbnRcL3VwbG9hZHNcLzIwMjVcLzEwXC9hY2NvbS53ZWJwIiwic2xpZGVzaG93IjoiZWE2N2JlNCJ9\" href=\"https:\/\/www.sicf.cz\/\" target=\"_blank\" rel=\"noopener\"><figure class=\"swiper-slide-inner\"><img decoding=\"async\" class=\"swiper-slide-image\" src=\"https:\/\/quartex.qmanapp.com\/quartex\/wp-content\/uploads\/2025\/10\/accom.webp\" alt=\"accom\" \/><\/figure><\/a><\/div><div class=\"swiper-slide\" role=\"group\" aria-roledescription=\"slide\" aria-label=\"5 z 15\"><a data-elementor-open-lightbox=\"yes\" data-elementor-lightbox-slideshow=\"ea67be4\" data-elementor-lightbox-title=\"sicf1\" data-e-action-hash=\"#elementor-action%3Aaction%3Dlightbox%26settings%3DeyJpZCI6Mjk4NiwidXJsIjoiaHR0cHM6XC9cL3F1YXJ0ZXgucW1hbmFwcC5jb21cL3F1YXJ0ZXhcL3dwLWNvbnRlbnRcL3VwbG9hZHNcLzIwMjVcLzA4XC9zaWNmMS53ZWJwIiwic2xpZGVzaG93IjoiZWE2N2JlNCJ9\" href=\"https:\/\/www.sicf.cz\/\" target=\"_blank\" rel=\"noopener\"><figure class=\"swiper-slide-inner\"><img decoding=\"async\" class=\"swiper-slide-image\" src=\"https:\/\/quartex.qmanapp.com\/quartex\/wp-content\/uploads\/2025\/08\/sicf1.webp\" alt=\"sicf1\" \/><\/figure><\/a><\/div><div class=\"swiper-slide\" role=\"group\" aria-roledescription=\"slide\" aria-label=\"6 z 15\"><a data-elementor-open-lightbox=\"yes\" data-elementor-lightbox-slideshow=\"ea67be4\" data-elementor-lightbox-title=\"nielsen\" data-e-action-hash=\"#elementor-action%3Aaction%3Dlightbox%26settings%3DeyJpZCI6NTMyNSwidXJsIjoiaHR0cHM6XC9cL3F1YXJ0ZXgucW1hbmFwcC5jb21cL3F1YXJ0ZXhcL3dwLWNvbnRlbnRcL3VwbG9hZHNcLzIwMjVcLzEyXC9uaWVsc2VuLTIud2VicCIsInNsaWRlc2hvdyI6ImVhNjdiZTQifQ%3D%3D\" href=\"https:\/\/www.sicf.cz\/\" target=\"_blank\" rel=\"noopener\"><figure class=\"swiper-slide-inner\"><img decoding=\"async\" class=\"swiper-slide-image\" src=\"https:\/\/quartex.qmanapp.com\/quartex\/wp-content\/uploads\/2025\/12\/nielsen-2.webp\" alt=\"nielsen\" \/><\/figure><\/a><\/div><div class=\"swiper-slide\" role=\"group\" aria-roledescription=\"slide\" aria-label=\"7 z 15\"><a data-elementor-open-lightbox=\"yes\" data-elementor-lightbox-slideshow=\"ea67be4\" data-elementor-lightbox-title=\"grada\" data-e-action-hash=\"#elementor-action%3Aaction%3Dlightbox%26settings%3DeyJpZCI6NDY0MCwidXJsIjoiaHR0cHM6XC9cL3F1YXJ0ZXgucW1hbmFwcC5jb21cL3F1YXJ0ZXhcL3dwLWNvbnRlbnRcL3VwbG9hZHNcLzIwMjVcLzEwXC9ncmFkYS53ZWJwIiwic2xpZGVzaG93IjoiZWE2N2JlNCJ9\" href=\"https:\/\/www.sicf.cz\/\" target=\"_blank\" rel=\"noopener\"><figure class=\"swiper-slide-inner\"><img decoding=\"async\" class=\"swiper-slide-image\" src=\"https:\/\/quartex.qmanapp.com\/quartex\/wp-content\/uploads\/2025\/10\/grada.webp\" alt=\"grada\" \/><\/figure><\/a><\/div><div class=\"swiper-slide\" role=\"group\" aria-roledescription=\"slide\" aria-label=\"8 z 15\"><a data-elementor-open-lightbox=\"yes\" data-elementor-lightbox-slideshow=\"ea67be4\" data-elementor-lightbox-title=\"helicar\" data-e-action-hash=\"#elementor-action%3Aaction%3Dlightbox%26settings%3DeyJpZCI6Mjk2NCwidXJsIjoiaHR0cHM6XC9cL3F1YXJ0ZXgucW1hbmFwcC5jb21cL3F1YXJ0ZXhcL3dwLWNvbnRlbnRcL3VwbG9hZHNcLzIwMjVcLzA4XC9oZWxpY2FyLndlYnAiLCJzbGlkZXNob3ciOiJlYTY3YmU0In0%3D\" href=\"https:\/\/www.sicf.cz\/\" target=\"_blank\" rel=\"noopener\"><figure class=\"swiper-slide-inner\"><img decoding=\"async\" class=\"swiper-slide-image\" src=\"https:\/\/quartex.qmanapp.com\/quartex\/wp-content\/uploads\/2025\/08\/helicar.webp\" alt=\"helicar\" \/><\/figure><\/a><\/div><div class=\"swiper-slide\" role=\"group\" aria-roledescription=\"slide\" aria-label=\"9 z 15\"><a data-elementor-open-lightbox=\"yes\" data-elementor-lightbox-slideshow=\"ea67be4\" data-elementor-lightbox-title=\"charita\" data-e-action-hash=\"#elementor-action%3Aaction%3Dlightbox%26settings%3DeyJpZCI6NDYzNywidXJsIjoiaHR0cHM6XC9cL3F1YXJ0ZXgucW1hbmFwcC5jb21cL3F1YXJ0ZXhcL3dwLWNvbnRlbnRcL3VwbG9hZHNcLzIwMjVcLzEwXC9jaGFyaXRhLndlYnAiLCJzbGlkZXNob3ciOiJlYTY3YmU0In0%3D\" href=\"https:\/\/www.sicf.cz\/\" target=\"_blank\" rel=\"noopener\"><figure class=\"swiper-slide-inner\"><img decoding=\"async\" class=\"swiper-slide-image\" src=\"https:\/\/quartex.qmanapp.com\/quartex\/wp-content\/uploads\/2025\/10\/charita.webp\" alt=\"charita\" \/><\/figure><\/a><\/div><div class=\"swiper-slide\" role=\"group\" aria-roledescription=\"slide\" aria-label=\"10 z 15\"><a data-elementor-open-lightbox=\"yes\" data-elementor-lightbox-slideshow=\"ea67be4\" data-elementor-lightbox-title=\"master\" data-e-action-hash=\"#elementor-action%3Aaction%3Dlightbox%26settings%3DeyJpZCI6Mjk2MywidXJsIjoiaHR0cHM6XC9cL3F1YXJ0ZXgucW1hbmFwcC5jb21cL3F1YXJ0ZXhcL3dwLWNvbnRlbnRcL3VwbG9hZHNcLzIwMjVcLzA4XC9tYXN0ZXIud2VicCIsInNsaWRlc2hvdyI6ImVhNjdiZTQifQ%3D%3D\" href=\"https:\/\/www.sicf.cz\/\" target=\"_blank\" rel=\"noopener\"><figure class=\"swiper-slide-inner\"><img decoding=\"async\" class=\"swiper-slide-image\" src=\"https:\/\/quartex.qmanapp.com\/quartex\/wp-content\/uploads\/2025\/08\/master.webp\" alt=\"master\" \/><\/figure><\/a><\/div><div class=\"swiper-slide\" role=\"group\" aria-roledescription=\"slide\" aria-label=\"11 z 15\"><a data-elementor-open-lightbox=\"yes\" data-elementor-lightbox-slideshow=\"ea67be4\" data-elementor-lightbox-title=\"vodarek1\" data-e-action-hash=\"#elementor-action%3Aaction%3Dlightbox%26settings%3DeyJpZCI6Mjk4NCwidXJsIjoiaHR0cHM6XC9cL3F1YXJ0ZXgucW1hbmFwcC5jb21cL3F1YXJ0ZXhcL3dwLWNvbnRlbnRcL3VwbG9hZHNcLzIwMjVcLzA4XC92b2RhcmVrMS53ZWJwIiwic2xpZGVzaG93IjoiZWE2N2JlNCJ9\" href=\"https:\/\/www.sicf.cz\/\" target=\"_blank\" rel=\"noopener\"><figure class=\"swiper-slide-inner\"><img decoding=\"async\" class=\"swiper-slide-image\" src=\"https:\/\/quartex.qmanapp.com\/quartex\/wp-content\/uploads\/2025\/08\/vodarek1.webp\" alt=\"vodarek1\" \/><\/figure><\/a><\/div><div class=\"swiper-slide\" role=\"group\" aria-roledescription=\"slide\" aria-label=\"12 z 15\"><a data-elementor-open-lightbox=\"yes\" data-elementor-lightbox-slideshow=\"ea67be4\" data-elementor-lightbox-title=\"qpark\" data-e-action-hash=\"#elementor-action%3Aaction%3Dlightbox%26settings%3DeyJpZCI6Mjk2MSwidXJsIjoiaHR0cHM6XC9cL3F1YXJ0ZXgucW1hbmFwcC5jb21cL3F1YXJ0ZXhcL3dwLWNvbnRlbnRcL3VwbG9hZHNcLzIwMjVcLzA4XC9xcGFyay53ZWJwIiwic2xpZGVzaG93IjoiZWE2N2JlNCJ9\" href=\"https:\/\/www.sicf.cz\/\" target=\"_blank\" rel=\"noopener\"><figure class=\"swiper-slide-inner\"><img decoding=\"async\" class=\"swiper-slide-image\" src=\"https:\/\/quartex.qmanapp.com\/quartex\/wp-content\/uploads\/2025\/08\/qpark.webp\" alt=\"qpark\" \/><\/figure><\/a><\/div><div class=\"swiper-slide\" role=\"group\" aria-roledescription=\"slide\" aria-label=\"13 z 15\"><a data-elementor-open-lightbox=\"yes\" data-elementor-lightbox-slideshow=\"ea67be4\" data-elementor-lightbox-title=\"L7_2\" data-e-action-hash=\"#elementor-action%3Aaction%3Dlightbox%26settings%3DeyJpZCI6NTI4OCwidXJsIjoiaHR0cHM6XC9cL3F1YXJ0ZXgucW1hbmFwcC5jb21cL3F1YXJ0ZXhcL3dwLWNvbnRlbnRcL3VwbG9hZHNcLzIwMjVcLzEyXC9MNy53ZWJwIiwic2xpZGVzaG93IjoiZWE2N2JlNCJ9\" href=\"https:\/\/www.sicf.cz\/\" target=\"_blank\" rel=\"noopener\"><figure class=\"swiper-slide-inner\"><img decoding=\"async\" class=\"swiper-slide-image\" src=\"https:\/\/quartex.qmanapp.com\/quartex\/wp-content\/uploads\/2025\/12\/L7.webp\" alt=\"L7_2\" \/><\/figure><\/a><\/div><div class=\"swiper-slide\" role=\"group\" aria-roledescription=\"slide\" aria-label=\"14 z 15\"><a data-elementor-open-lightbox=\"yes\" data-elementor-lightbox-slideshow=\"ea67be4\" data-elementor-lightbox-title=\"photon\" data-e-action-hash=\"#elementor-action%3Aaction%3Dlightbox%26settings%3DeyJpZCI6NTI5NSwidXJsIjoiaHR0cHM6XC9cL3F1YXJ0ZXgucW1hbmFwcC5jb21cL3F1YXJ0ZXhcL3dwLWNvbnRlbnRcL3VwbG9hZHNcLzIwMjVcLzEyXC9waG90b24tMS53ZWJwIiwic2xpZGVzaG93IjoiZWE2N2JlNCJ9\" href=\"https:\/\/www.sicf.cz\/\" target=\"_blank\" rel=\"noopener\"><figure class=\"swiper-slide-inner\"><img decoding=\"async\" class=\"swiper-slide-image\" src=\"https:\/\/quartex.qmanapp.com\/quartex\/wp-content\/uploads\/2025\/12\/photon-1.webp\" alt=\"photon\" \/><\/figure><\/a><\/div><div class=\"swiper-slide\" role=\"group\" aria-roledescription=\"slide\" aria-label=\"15 z 15\"><a data-elementor-open-lightbox=\"yes\" data-elementor-lightbox-slideshow=\"ea67be4\" data-elementor-lightbox-title=\"lamron\" data-e-action-hash=\"#elementor-action%3Aaction%3Dlightbox%26settings%3DeyJpZCI6NTMwMCwidXJsIjoiaHR0cHM6XC9cL3F1YXJ0ZXgucW1hbmFwcC5jb21cL3F1YXJ0ZXhcL3dwLWNvbnRlbnRcL3VwbG9hZHNcLzIwMjVcLzEyXC9sYW1yb24ud2VicCIsInNsaWRlc2hvdyI6ImVhNjdiZTQifQ%3D%3D\" href=\"https:\/\/www.sicf.cz\/\" target=\"_blank\" rel=\"noopener\"><figure class=\"swiper-slide-inner\"><img decoding=\"async\" class=\"swiper-slide-image\" src=\"https:\/\/quartex.qmanapp.com\/quartex\/wp-content\/uploads\/2025\/12\/lamron.webp\" alt=\"lamron\" \/><\/figure><\/a><\/div>\t\t\t<\/div>\n\t\t\t\t\t\t\t\n\t\t\t\t\t\t\t\t\t<\/div>\n\t\t\t\t\t\t<\/div>\n\t\t\t\t\t<\/div>\n\t\t<\/div>\n\t\t\t\t\t<\/div>\n\t\t<\/section>\n\t\t\t\t<\/div>\n\t\t","protected":false},"excerpt":{"rendered":"<p>PROJEKTY Prohl\u00e9dn\u011bte si dokon\u010den\u00e9 projekty Business Central Modernizace ERP proces\u016f Poradenstv\u00ed Stabilizace a \u0159\u00edzen\u00ed projekt\u016f Q.WMS &#8211; \u0158\u00edzen\u00fd sklad Digitalizace skladov\u00e9 logistiky Prodejn\u00ed port\u00e1ly Automatizace online prodeje<\/p>\n","protected":false},"author":1,"featured_media":0,"parent":0,"menu_order":0,"comment_status":"closed","ping_status":"closed","template":"page-templates\/template-default.php","meta":{"footnotes":""},"class_list":["post-1210","page","type-page","status-publish","hentry"],"_links":{"self":[{"href":"https:\/\/quartex.qmanapp.com\/quartex\/wp-json\/wp\/v2\/pages\/1210","targetHints":{"allow":["GET"]}}],"collection":[{"href":"https:\/\/quartex.qmanapp.com\/quartex\/wp-json\/wp\/v2\/pages"}],"about":[{"href":"https:\/\/quartex.qmanapp.com\/quartex\/wp-json\/wp\/v2\/types\/page"}],"author":[{"embeddable":true,"href":"https:\/\/quartex.qmanapp.com\/quartex\/wp-json\/wp\/v2\/users\/1"}],"replies":[{"embeddable":true,"href":"https:\/\/quartex.qmanapp.com\/quartex\/wp-json\/wp\/v2\/comments?post=1210"}],"version-history":[{"count":77,"href":"https:\/\/quartex.qmanapp.com\/quartex\/wp-json\/wp\/v2\/pages\/1210\/revisions"}],"predecessor-version":[{"id":5438,"href":"https:\/\/quartex.qmanapp.com\/quartex\/wp-json\/wp\/v2\/pages\/1210\/revisions\/5438"}],"wp:attachment":[{"href":"https:\/\/quartex.qmanapp.com\/quartex\/wp-json\/wp\/v2\/media?parent=1210"}],"curies":[{"name":"wp","href":"https:\/\/api.w.org\/{rel}","templated":true}]}}